{"id":4508,"date":"2025-12-24T11:20:22","date_gmt":"2025-12-24T10:20:22","guid":{"rendered":"https:\/\/siegmann.com\/cgv\/"},"modified":"2026-04-08T17:50:16","modified_gmt":"2026-04-08T15:50:16","slug":"cgv","status":"publish","type":"page","link":"https:\/\/siegmann.com\/fr\/cgv\/","title":{"rendered":"CGV"},"content":{"rendered":"\t\t<div data-elementor-type=\"wp-page\" data-elementor-id=\"4508\" class=\"elementor elementor-4508 elementor-1894\" data-elementor-post-type=\"page\">\n\t\t\t\t<div class=\"elementor-element elementor-element-8ba6746 e-flex e-con-boxed e-con e-parent\" data-id=\"8ba6746\" data-element_type=\"container\" data-e-type=\"container\">\n\t\t\t\t\t<div class=\"e-con-inner\">\n\t\t\t\t<div class=\"elementor-element elementor-element-667de97 elementor-widget elementor-widget-heading\" data-id=\"667de97\" data-element_type=\"widget\" data-e-type=\"widget\" data-widget_type=\"heading.default\">\n\t\t\t\t<div class=\"elementor-widget-container\">\n\t\t\t\t\t<h2 class=\"elementor-heading-title elementor-size-default\">CGV<\/h2>\t\t\t\t<\/div>\n\t\t\t\t<\/div>\n\t\t\t\t<div class=\"elementor-element elementor-element-54c6b99 elementor-widget__width-initial elementor-widget-divider--view-line elementor-widget elementor-widget-divider\" data-id=\"54c6b99\" data-element_type=\"widget\" data-e-type=\"widget\" data-widget_type=\"divider.default\">\n\t\t\t\t<div class=\"elementor-widget-container\">\n\t\t\t\t\t\t\t<div class=\"elementor-divider\">\n\t\t\t<span class=\"elementor-divider-separator\">\n\t\t\t\t\t\t<\/span>\n\t\t<\/div>\n\t\t\t\t\t\t<\/div>\n\t\t\t\t<\/div>\n\t\t\t\t<div class=\"elementor-element elementor-element-d47058f elementor-widget elementor-widget-text-editor\" data-id=\"d47058f\" data-element_type=\"widget\" data-e-type=\"widget\" data-widget_type=\"text-editor.default\">\n\t\t\t\t<div class=\"elementor-widget-container\">\n\t\t\t\t\t\t\t\t\tToutes nos activit\u00e9s sont effectu\u00e9es exclusivement sur la base des CGV\/conditions mentionn\u00e9es ci-dessous :\t\t\t\t\t\t\t\t<\/div>\n\t\t\t\t<\/div>\n\t\t<div class=\"elementor-element elementor-element-fc5b32a e-con-full e-grid e-con e-child\" data-id=\"fc5b32a\" data-element_type=\"container\" data-e-type=\"container\" data-settings=\"{&quot;background_background&quot;:&quot;classic&quot;}\">\n\t\t<div class=\"elementor-element elementor-element-93aff77 e-con-full e-flex e-con e-child\" data-id=\"93aff77\" data-element_type=\"container\" data-e-type=\"container\">\n\t\t<div class=\"elementor-element elementor-element-1ebc2c0 e-con-full e-flex e-con e-child\" data-id=\"1ebc2c0\" data-element_type=\"container\" data-e-type=\"container\">\n\t\t\t\t<div class=\"elementor-element elementor-element-80b3ca2 elementor-widget elementor-widget-heading\" data-id=\"80b3ca2\" data-element_type=\"widget\" data-e-type=\"widget\" data-widget_type=\"heading.default\">\n\t\t\t\t<div class=\"elementor-widget-container\">\n\t\t\t\t\t<h2 class=\"elementor-heading-title elementor-size-default\">ADSp<\/h2>\t\t\t\t<\/div>\n\t\t\t\t<\/div>\n\t\t\t\t<div class=\"elementor-element elementor-element-34cc265 elementor-widget elementor-widget-text-editor\" data-id=\"34cc265\" data-element_type=\"widget\" data-e-type=\"widget\" data-widget_type=\"text-editor.default\">\n\t\t\t\t<div class=\"elementor-widget-container\">\n\t\t\t\t\t\t\t\t\t<p>En savoir plus sur les \u00ab Allgemeine Deutsche Spediteurbedingungen \u00bb.<\/p>\t\t\t\t\t\t\t\t<\/div>\n\t\t\t\t<\/div>\n\t\t\t\t<\/div>\n\t\t\t\t<div class=\"elementor-element elementor-element-86f80e5 elementor-widget__width-auto elementor-widget elementor-widget-button\" data-id=\"86f80e5\" data-element_type=\"widget\" data-e-type=\"widget\" data-widget_type=\"button.default\">\n\t\t\t\t<div class=\"elementor-widget-container\">\n\t\t\t\t\t\t\t\t\t<div class=\"elementor-button-wrapper\">\n\t\t\t\t\t<a class=\"elementor-button elementor-button-link elementor-size-sm\" href=\"https:\/\/siegmann.com\/wp-content\/uploads\/2026\/04\/ADSp_2017.pdf\" target=\"_blank\">\n\t\t\t\t\t\t<span class=\"elementor-button-content-wrapper\">\n\t\t\t\t\t\t\t\t\t<span class=\"elementor-button-text\">Ouvrir l\u2019ADSp<\/span>\n\t\t\t\t\t<\/span>\n\t\t\t\t\t<\/a>\n\t\t\t\t<\/div>\n\t\t\t\t\t\t\t\t<\/div>\n\t\t\t\t<\/div>\n\t\t\t\t<\/div>\n\t\t\t\t<div class=\"elementor-element elementor-element-2899ce2 elementor-widget elementor-widget-image\" data-id=\"2899ce2\" data-element_type=\"widget\" data-e-type=\"widget\" data-widget_type=\"image.default\">\n\t\t\t\t<div class=\"elementor-widget-container\">\n\t\t\t\t\t\t\t\t\t\t\t\t\t\t\t<img fetchpriority=\"high\" decoding=\"async\" width=\"372\" height=\"167\" src=\"https:\/\/siegmann.com\/wp-content\/uploads\/2025\/12\/vis_ADSp.jpg\" class=\"attachment-large size-large wp-image-4511\" alt=\"\" srcset=\"https:\/\/siegmann.com\/wp-content\/uploads\/2025\/12\/vis_ADSp.jpg 372w, https:\/\/siegmann.com\/wp-content\/uploads\/2025\/12\/vis_ADSp-300x135.jpg 300w\" sizes=\"(max-width: 372px) 100vw, 372px\" \/>\t\t\t\t\t\t\t\t\t\t\t\t\t\t\t<\/div>\n\t\t\t\t<\/div>\n\t\t\t\t<\/div>\n\t\t<div class=\"elementor-element elementor-element-fa5d008 e-con-full e-grid e-con e-child\" data-id=\"fa5d008\" data-element_type=\"container\" data-e-type=\"container\" data-settings=\"{&quot;background_background&quot;:&quot;classic&quot;}\">\n\t\t<div class=\"elementor-element elementor-element-76c2c8e e-con-full e-flex e-con e-child\" data-id=\"76c2c8e\" data-element_type=\"container\" data-e-type=\"container\">\n\t\t<div class=\"elementor-element elementor-element-58f875e e-con-full e-flex e-con e-child\" data-id=\"58f875e\" data-element_type=\"container\" data-e-type=\"container\">\n\t\t\t\t<div class=\"elementor-element elementor-element-e0b7919 elementor-widget elementor-widget-heading\" data-id=\"e0b7919\" data-element_type=\"widget\" data-e-type=\"widget\" data-widget_type=\"heading.default\">\n\t\t\t\t<div class=\"elementor-widget-container\">\n\t\t\t\t\t<h2 class=\"elementor-heading-title elementor-size-default\">Certificat ISO<\/h2>\t\t\t\t<\/div>\n\t\t\t\t<\/div>\n\t\t\t\t<div class=\"elementor-element elementor-element-9fc7d48 elementor-widget elementor-widget-text-editor\" data-id=\"9fc7d48\" data-element_type=\"widget\" data-e-type=\"widget\" data-widget_type=\"text-editor.default\">\n\t\t\t\t<div class=\"elementor-widget-container\">\n\t\t\t\t\t\t\t\t\t<p>Notre syst\u00e8me de management de la qualit\u00e9 est certifi\u00e9 selon la norme ISO 9001.<\/p>\t\t\t\t\t\t\t\t<\/div>\n\t\t\t\t<\/div>\n\t\t\t\t<\/div>\n\t\t\t\t<div class=\"elementor-element elementor-element-000be6a elementor-widget__width-auto elementor-widget elementor-widget-button\" data-id=\"000be6a\" data-element_type=\"widget\" data-e-type=\"widget\" data-widget_type=\"button.default\">\n\t\t\t\t<div class=\"elementor-widget-container\">\n\t\t\t\t\t\t\t\t\t<div class=\"elementor-button-wrapper\">\n\t\t\t\t\t<a class=\"elementor-button elementor-button-link elementor-size-sm\" href=\"http:\/\/[doc_url%20key=iso]\" target=\"_blank\">\n\t\t\t\t\t\t<span class=\"elementor-button-content-wrapper\">\n\t\t\t\t\t\t\t\t\t<span class=\"elementor-button-text\">Ouvrir le certificat<\/span>\n\t\t\t\t\t<\/span>\n\t\t\t\t\t<\/a>\n\t\t\t\t<\/div>\n\t\t\t\t\t\t\t\t<\/div>\n\t\t\t\t<\/div>\n\t\t\t\t<\/div>\n\t\t\t\t<div class=\"elementor-element elementor-element-b38650b elementor-widget elementor-widget-image\" data-id=\"b38650b\" data-element_type=\"widget\" data-e-type=\"widget\" data-widget_type=\"image.default\">\n\t\t\t\t<div class=\"elementor-widget-container\">\n\t\t\t\t\t\t\t\t\t\t\t\t\t\t\t<img decoding=\"async\" width=\"372\" height=\"167\" src=\"https:\/\/siegmann.com\/wp-content\/uploads\/2025\/12\/iso_neu_2020_de.jpg\" class=\"attachment-large size-large wp-image-4510\" alt=\"\" srcset=\"https:\/\/siegmann.com\/wp-content\/uploads\/2025\/12\/iso_neu_2020_de.jpg 372w, https:\/\/siegmann.com\/wp-content\/uploads\/2025\/12\/iso_neu_2020_de-300x135.jpg 300w\" sizes=\"(max-width: 372px) 100vw, 372px\" \/>\t\t\t\t\t\t\t\t\t\t\t\t\t\t\t<\/div>\n\t\t\t\t<\/div>\n\t\t\t\t<\/div>\n\t\t<div class=\"elementor-element elementor-element-e4a1818 e-con-full e-grid e-con e-child\" data-id=\"e4a1818\" data-element_type=\"container\" data-e-type=\"container\" data-settings=\"{&quot;background_background&quot;:&quot;classic&quot;}\">\n\t\t<div class=\"elementor-element elementor-element-c0ddaf6 e-con-full e-flex e-con e-child\" data-id=\"c0ddaf6\" data-element_type=\"container\" data-e-type=\"container\">\n\t\t<div class=\"elementor-element elementor-element-aa40ec1 e-con-full e-flex e-con e-child\" data-id=\"aa40ec1\" data-element_type=\"container\" data-e-type=\"container\">\n\t\t\t\t<div class=\"elementor-element elementor-element-c3aca6e elementor-widget elementor-widget-heading\" data-id=\"c3aca6e\" data-element_type=\"widget\" data-e-type=\"widget\" data-widget_type=\"heading.default\">\n\t\t\t\t<div class=\"elementor-widget-container\">\n\t\t\t\t\t<h2 class=\"elementor-heading-title elementor-size-default\">CGV logistique<\/h2>\t\t\t\t<\/div>\n\t\t\t\t<\/div>\n\t\t\t\t<div class=\"elementor-element elementor-element-dd099c6 elementor-widget elementor-widget-text-editor\" data-id=\"dd099c6\" data-element_type=\"widget\" data-e-type=\"widget\" data-widget_type=\"text-editor.default\">\n\t\t\t\t<div class=\"elementor-widget-container\">\n\t\t\t\t\t\t\t\t\t<p>En savoir plus sur les \u00ab CGV logistique \u00bb.<\/p>\t\t\t\t\t\t\t\t<\/div>\n\t\t\t\t<\/div>\n\t\t\t\t<\/div>\n\t\t\t\t<div class=\"elementor-element elementor-element-81085d2 elementor-widget__width-auto elementor-widget elementor-widget-button\" data-id=\"81085d2\" data-element_type=\"widget\" data-e-type=\"widget\" data-widget_type=\"button.default\">\n\t\t\t\t<div class=\"elementor-widget-container\">\n\t\t\t\t\t\t\t\t\t<div class=\"elementor-button-wrapper\">\n\t\t\t\t\t<a class=\"elementor-button elementor-button-link elementor-size-sm\" href=\"http:\/\/[doc_url%20key=logistik-agb]\" target=\"_blank\">\n\t\t\t\t\t\t<span class=\"elementor-button-content-wrapper\">\n\t\t\t\t\t\t\t\t\t<span class=\"elementor-button-text\">CGV<\/span>\n\t\t\t\t\t<\/span>\n\t\t\t\t\t<\/a>\n\t\t\t\t<\/div>\n\t\t\t\t\t\t\t\t<\/div>\n\t\t\t\t<\/div>\n\t\t\t\t<\/div>\n\t\t\t\t<div class=\"elementor-element elementor-element-f242b3f elementor-widget elementor-widget-image\" data-id=\"f242b3f\" data-element_type=\"widget\" data-e-type=\"widget\" data-widget_type=\"image.default\">\n\t\t\t\t<div class=\"elementor-widget-container\">\n\t\t\t\t\t\t\t\t\t\t\t\t\t\t\t<img decoding=\"async\" width=\"372\" height=\"167\" src=\"https:\/\/siegmann.com\/wp-content\/uploads\/2025\/12\/agb-neu.jpg\" class=\"attachment-large size-large wp-image-4509\" alt=\"\" srcset=\"https:\/\/siegmann.com\/wp-content\/uploads\/2025\/12\/agb-neu.jpg 372w, https:\/\/siegmann.com\/wp-content\/uploads\/2025\/12\/agb-neu-300x135.jpg 300w\" sizes=\"(max-width: 372px) 100vw, 372px\" \/>\t\t\t\t\t\t\t\t\t\t\t\t\t\t\t<\/div>\n\t\t\t\t<\/div>\n\t\t\t\t<\/div>\n\t\t\t\t\t<\/div>\n\t\t\t\t<\/div>\n\t\t\t\t<\/div>\n\t\t","protected":false},"excerpt":{"rendered":"<p>CGV Toutes nos activit\u00e9s sont effectu\u00e9es exclusivement sur la base des CGV\/conditions mentionn\u00e9es ci-dessous : ADSp En savoir plus sur les \u00ab Allgemeine Deutsche Spediteurbedingungen \u00bb. Ouvrir l\u2019ADSp Certificat ISO Notre syst\u00e8me de management de la qualit\u00e9 est certifi\u00e9 selon la norme ISO 9001. Ouvrir le certificat CGV logistique En savoir plus sur les \u00ab [&hellip;]<\/p>\n","protected":false},"author":1,"featured_media":0,"parent":0,"menu_order":0,"comment_status":"closed","ping_status":"closed","template":"","meta":{"_acf_changed":false,"footnotes":""},"class_list":["post-4508","page","type-page","status-publish","hentry"],"acf":[],"yoast_head":"<!-- This site is optimized with the Yoast SEO plugin v27.5 - https:\/\/yoast.com\/product\/yoast-seo-wordpress\/ -->\n<title>CGV - Siegmann<\/title>\n<meta name=\"robots\" content=\"index, follow, max-snippet:-1, max-image-preview:large, max-video-preview:-1\" \/>\n<link rel=\"canonical\" href=\"https:\/\/siegmann.com\/fr\/cgv\/\" \/>\n<meta property=\"og:locale\" content=\"fr_FR\" \/>\n<meta property=\"og:type\" content=\"article\" \/>\n<meta property=\"og:title\" content=\"CGV - Siegmann\" \/>\n<meta property=\"og:description\" content=\"CGV Toutes nos activit\u00e9s sont effectu\u00e9es exclusivement sur la base des CGV\/conditions mentionn\u00e9es ci-dessous : ADSp En savoir plus sur les \u00ab Allgemeine Deutsche Spediteurbedingungen \u00bb. Ouvrir l\u2019ADSp Certificat ISO Notre syst\u00e8me de management de la qualit\u00e9 est certifi\u00e9 selon la norme ISO 9001. Ouvrir le certificat CGV logistique En savoir plus sur les \u00ab [&hellip;]\" \/>\n<meta property=\"og:url\" content=\"https:\/\/siegmann.com\/fr\/cgv\/\" \/>\n<meta property=\"og:site_name\" content=\"Siegmann\" \/>\n<meta property=\"article:modified_time\" content=\"2026-04-08T15:50:16+00:00\" \/>\n<meta property=\"og:image\" content=\"https:\/\/siegmann.com\/wp-content\/uploads\/2025\/12\/vis_ADSp.jpg\" \/>\n\t<meta property=\"og:image:width\" content=\"372\" \/>\n\t<meta property=\"og:image:height\" content=\"167\" \/>\n\t<meta property=\"og:image:type\" content=\"image\/jpeg\" \/>\n<meta name=\"twitter:card\" content=\"summary_large_image\" \/>\n<script type=\"application\/ld+json\" class=\"yoast-schema-graph\">{\"@context\":\"https:\\\/\\\/schema.org\",\"@graph\":[{\"@type\":\"WebPage\",\"@id\":\"https:\\\/\\\/siegmann.com\\\/fr\\\/cgv\\\/\",\"url\":\"https:\\\/\\\/siegmann.com\\\/fr\\\/cgv\\\/\",\"name\":\"CGV - Siegmann\",\"isPartOf\":{\"@id\":\"https:\\\/\\\/siegmann.com\\\/fr\\\/#website\"},\"primaryImageOfPage\":{\"@id\":\"https:\\\/\\\/siegmann.com\\\/fr\\\/cgv\\\/#primaryimage\"},\"image\":{\"@id\":\"https:\\\/\\\/siegmann.com\\\/fr\\\/cgv\\\/#primaryimage\"},\"thumbnailUrl\":\"https:\\\/\\\/siegmann.com\\\/wp-content\\\/uploads\\\/2025\\\/12\\\/vis_ADSp.jpg\",\"datePublished\":\"2025-12-24T10:20:22+00:00\",\"dateModified\":\"2026-04-08T15:50:16+00:00\",\"breadcrumb\":{\"@id\":\"https:\\\/\\\/siegmann.com\\\/fr\\\/cgv\\\/#breadcrumb\"},\"inLanguage\":\"fr-FR\",\"potentialAction\":[{\"@type\":\"ReadAction\",\"target\":[\"https:\\\/\\\/siegmann.com\\\/fr\\\/cgv\\\/\"]}]},{\"@type\":\"ImageObject\",\"inLanguage\":\"fr-FR\",\"@id\":\"https:\\\/\\\/siegmann.com\\\/fr\\\/cgv\\\/#primaryimage\",\"url\":\"https:\\\/\\\/siegmann.com\\\/wp-content\\\/uploads\\\/2025\\\/12\\\/vis_ADSp.jpg\",\"contentUrl\":\"https:\\\/\\\/siegmann.com\\\/wp-content\\\/uploads\\\/2025\\\/12\\\/vis_ADSp.jpg\"},{\"@type\":\"BreadcrumbList\",\"@id\":\"https:\\\/\\\/siegmann.com\\\/fr\\\/cgv\\\/#breadcrumb\",\"itemListElement\":[{\"@type\":\"ListItem\",\"position\":1,\"name\":\"Home\",\"item\":\"https:\\\/\\\/siegmann.com\\\/fr\\\/\"},{\"@type\":\"ListItem\",\"position\":2,\"name\":\"CGV\"}]},{\"@type\":\"WebSite\",\"@id\":\"https:\\\/\\\/siegmann.com\\\/fr\\\/#website\",\"url\":\"https:\\\/\\\/siegmann.com\\\/fr\\\/\",\"name\":\"Siegmann\",\"description\":\"Siegmann Deutschland GmbH\",\"publisher\":{\"@id\":\"https:\\\/\\\/siegmann.com\\\/fr\\\/#organization\"},\"potentialAction\":[{\"@type\":\"SearchAction\",\"target\":{\"@type\":\"EntryPoint\",\"urlTemplate\":\"https:\\\/\\\/siegmann.com\\\/fr\\\/?s={search_term_string}\"},\"query-input\":{\"@type\":\"PropertyValueSpecification\",\"valueRequired\":true,\"valueName\":\"search_term_string\"}}],\"inLanguage\":\"fr-FR\"},{\"@type\":\"Organization\",\"@id\":\"https:\\\/\\\/siegmann.com\\\/fr\\\/#organization\",\"name\":\"Siegmann\",\"url\":\"https:\\\/\\\/siegmann.com\\\/fr\\\/\",\"logo\":{\"@type\":\"ImageObject\",\"inLanguage\":\"fr-FR\",\"@id\":\"https:\\\/\\\/siegmann.com\\\/fr\\\/#\\\/schema\\\/logo\\\/image\\\/\",\"url\":\"https:\\\/\\\/siegmann.com\\\/wp-content\\\/uploads\\\/2025\\\/01\\\/favicon.png\",\"contentUrl\":\"https:\\\/\\\/siegmann.com\\\/wp-content\\\/uploads\\\/2025\\\/01\\\/favicon.png\",\"width\":512,\"height\":512,\"caption\":\"Siegmann\"},\"image\":{\"@id\":\"https:\\\/\\\/siegmann.com\\\/fr\\\/#\\\/schema\\\/logo\\\/image\\\/\"},\"sameAs\":[\"https:\\\/\\\/www.linkedin.com\\\/company\\\/siegmann-sarl\\\/?viewAsMember=true\"]}]}<\/script>\n<!-- \/ Yoast SEO plugin. -->","yoast_head_json":{"title":"CGV - Siegmann","robots":{"index":"index","follow":"follow","max-snippet":"max-snippet:-1","max-image-preview":"max-image-preview:large","max-video-preview":"max-video-preview:-1"},"canonical":"https:\/\/siegmann.com\/fr\/cgv\/","og_locale":"fr_FR","og_type":"article","og_title":"CGV - Siegmann","og_description":"CGV Toutes nos activit\u00e9s sont effectu\u00e9es exclusivement sur la base des CGV\/conditions mentionn\u00e9es ci-dessous : ADSp En savoir plus sur les \u00ab Allgemeine Deutsche Spediteurbedingungen \u00bb. Ouvrir l\u2019ADSp Certificat ISO Notre syst\u00e8me de management de la qualit\u00e9 est certifi\u00e9 selon la norme ISO 9001. Ouvrir le certificat CGV logistique En savoir plus sur les \u00ab [&hellip;]","og_url":"https:\/\/siegmann.com\/fr\/cgv\/","og_site_name":"Siegmann","article_modified_time":"2026-04-08T15:50:16+00:00","og_image":[{"width":372,"height":167,"url":"https:\/\/siegmann.com\/wp-content\/uploads\/2025\/12\/vis_ADSp.jpg","type":"image\/jpeg"}],"twitter_card":"summary_large_image","schema":{"@context":"https:\/\/schema.org","@graph":[{"@type":"WebPage","@id":"https:\/\/siegmann.com\/fr\/cgv\/","url":"https:\/\/siegmann.com\/fr\/cgv\/","name":"CGV - Siegmann","isPartOf":{"@id":"https:\/\/siegmann.com\/fr\/#website"},"primaryImageOfPage":{"@id":"https:\/\/siegmann.com\/fr\/cgv\/#primaryimage"},"image":{"@id":"https:\/\/siegmann.com\/fr\/cgv\/#primaryimage"},"thumbnailUrl":"https:\/\/siegmann.com\/wp-content\/uploads\/2025\/12\/vis_ADSp.jpg","datePublished":"2025-12-24T10:20:22+00:00","dateModified":"2026-04-08T15:50:16+00:00","breadcrumb":{"@id":"https:\/\/siegmann.com\/fr\/cgv\/#breadcrumb"},"inLanguage":"fr-FR","potentialAction":[{"@type":"ReadAction","target":["https:\/\/siegmann.com\/fr\/cgv\/"]}]},{"@type":"ImageObject","inLanguage":"fr-FR","@id":"https:\/\/siegmann.com\/fr\/cgv\/#primaryimage","url":"https:\/\/siegmann.com\/wp-content\/uploads\/2025\/12\/vis_ADSp.jpg","contentUrl":"https:\/\/siegmann.com\/wp-content\/uploads\/2025\/12\/vis_ADSp.jpg"},{"@type":"BreadcrumbList","@id":"https:\/\/siegmann.com\/fr\/cgv\/#breadcrumb","itemListElement":[{"@type":"ListItem","position":1,"name":"Home","item":"https:\/\/siegmann.com\/fr\/"},{"@type":"ListItem","position":2,"name":"CGV"}]},{"@type":"WebSite","@id":"https:\/\/siegmann.com\/fr\/#website","url":"https:\/\/siegmann.com\/fr\/","name":"Siegmann","description":"Siegmann Deutschland GmbH","publisher":{"@id":"https:\/\/siegmann.com\/fr\/#organization"},"potentialAction":[{"@type":"SearchAction","target":{"@type":"EntryPoint","urlTemplate":"https:\/\/siegmann.com\/fr\/?s={search_term_string}"},"query-input":{"@type":"PropertyValueSpecification","valueRequired":true,"valueName":"search_term_string"}}],"inLanguage":"fr-FR"},{"@type":"Organization","@id":"https:\/\/siegmann.com\/fr\/#organization","name":"Siegmann","url":"https:\/\/siegmann.com\/fr\/","logo":{"@type":"ImageObject","inLanguage":"fr-FR","@id":"https:\/\/siegmann.com\/fr\/#\/schema\/logo\/image\/","url":"https:\/\/siegmann.com\/wp-content\/uploads\/2025\/01\/favicon.png","contentUrl":"https:\/\/siegmann.com\/wp-content\/uploads\/2025\/01\/favicon.png","width":512,"height":512,"caption":"Siegmann"},"image":{"@id":"https:\/\/siegmann.com\/fr\/#\/schema\/logo\/image\/"},"sameAs":["https:\/\/www.linkedin.com\/company\/siegmann-sarl\/?viewAsMember=true"]}]}},"_links":{"self":[{"href":"https:\/\/siegmann.com\/fr\/wp-json\/wp\/v2\/pages\/4508","targetHints":{"allow":["GET"]}}],"collection":[{"href":"https:\/\/siegmann.com\/fr\/wp-json\/wp\/v2\/pages"}],"about":[{"href":"https:\/\/siegmann.com\/fr\/wp-json\/wp\/v2\/types\/page"}],"author":[{"embeddable":true,"href":"https:\/\/siegmann.com\/fr\/wp-json\/wp\/v2\/users\/1"}],"replies":[{"embeddable":true,"href":"https:\/\/siegmann.com\/fr\/wp-json\/wp\/v2\/comments?post=4508"}],"version-history":[{"count":1,"href":"https:\/\/siegmann.com\/fr\/wp-json\/wp\/v2\/pages\/4508\/revisions"}],"predecessor-version":[{"id":4512,"href":"https:\/\/siegmann.com\/fr\/wp-json\/wp\/v2\/pages\/4508\/revisions\/4512"}],"wp:attachment":[{"href":"https:\/\/siegmann.com\/fr\/wp-json\/wp\/v2\/media?parent=4508"}],"curies":[{"name":"wp","href":"https:\/\/api.w.org\/{rel}","templated":true}]}}