{"id":4522,"date":"2025-12-24T11:09:39","date_gmt":"2025-12-24T10:09:39","guid":{"rendered":"https:\/\/siegmann.com\/transport-local-dernier-kilometre\/"},"modified":"2026-04-30T14:53:25","modified_gmt":"2026-04-30T12:53:25","slug":"transport-local-dernier-kilometre","status":"publish","type":"page","link":"https:\/\/siegmann.com\/fr\/transport-local-dernier-kilometre\/","title":{"rendered":"Transport local &amp; Dernier kilom\u00e8tre"},"content":{"rendered":"\t\t<div data-elementor-type=\"wp-page\" data-elementor-id=\"4522\" class=\"elementor elementor-4522 elementor-1873\" data-elementor-post-type=\"page\">\n\t\t\t\t<div class=\"elementor-element elementor-element-d72f8db e-flex e-con-boxed e-con e-child\" data-id=\"d72f8db\" data-element_type=\"container\" data-e-type=\"container\" data-settings=\"{&quot;background_background&quot;:&quot;classic&quot;}\">\n\t\t\t\t\t<div class=\"e-con-inner\">\n\t\t\t\t<div class=\"elementor-element elementor-element-5e00eb32 elementor-widget elementor-widget-heading\" data-id=\"5e00eb32\" data-element_type=\"widget\" data-e-type=\"widget\" data-widget_type=\"heading.default\">\n\t\t\t\t<div class=\"elementor-widget-container\">\n\t\t\t\t\t<h2 class=\"elementor-heading-title elementor-size-default\">Transport local &amp; Dernier kilom\u00e8tre<\/h2>\t\t\t\t<\/div>\n\t\t\t\t<\/div>\n\t\t\t\t<div class=\"elementor-element elementor-element-5f127468 elementor-widget__width-initial elementor-widget-divider--view-line elementor-widget elementor-widget-divider\" data-id=\"5f127468\" data-element_type=\"widget\" data-e-type=\"widget\" data-widget_type=\"divider.default\">\n\t\t\t\t<div class=\"elementor-widget-container\">\n\t\t\t\t\t\t\t<div class=\"elementor-divider\">\n\t\t\t<span class=\"elementor-divider-separator\">\n\t\t\t\t\t\t<\/span>\n\t\t<\/div>\n\t\t\t\t\t\t<\/div>\n\t\t\t\t<\/div>\n\t\t\t\t<div class=\"elementor-element elementor-element-82367b5 elementor-widget elementor-widget-heading\" data-id=\"82367b5\" data-element_type=\"widget\" data-e-type=\"widget\" data-widget_type=\"heading.default\">\n\t\t\t\t<div class=\"elementor-widget-container\">\n\t\t\t\t\t<h2 class=\"elementor-heading-title elementor-size-default\">Transport local<\/h2>\t\t\t\t<\/div>\n\t\t\t\t<\/div>\n\t\t\t\t<div class=\"elementor-element elementor-element-7a183385 elementor-widget elementor-widget-text-editor\" data-id=\"7a183385\" data-element_type=\"widget\" data-e-type=\"widget\" data-widget_type=\"text-editor.default\">\n\t\t\t\t<div class=\"elementor-widget-container\">\n\t\t\t\t\t\t\t\t\t<p>\u00c0 <span style=\"color: #ffffff;\"><strong><a style=\"color: #ffffff;\" href=\"https:\/\/siegmann.com\/ueber-uns\/#standorte\"><u>Hambourg<\/u><\/a><\/strong><\/span> et <span style=\"color: #ffffff;\"><strong><a style=\"color: #ffffff;\" href=\"https:\/\/siegmann.com\/ueber-uns\/#standorte\"><u>D\u00fcsseldorf<\/u><\/a><\/strong><\/span>, les marchandises destin\u00e9es aux livraisons vers la <strong>France<\/strong> et l\u2019<strong>Italie<\/strong> sont regroup\u00e9es en entrep\u00f4t, tandis qu\u2019\u00e0 <span style=\"color: #ffffff;\"><strong><a style=\"color: #ffffff;\" href=\"https:\/\/siegmann.com\/ueber-uns\/#standorte\"><u>Paris<\/u><\/a><\/strong><\/span>, les envois pour l\u2019Allemagne sont consolid\u00e9s. Les marchandises sont tri\u00e9es par zones de code postal et, si possible, les envois de diff\u00e9rents clients ayant des destinataires identiques sont regroup\u00e9s afin d\u2019optimiser l\u2019efficacit\u00e9 des transports. <\/p><p>Notre propre service de transport local prend en charge la pr\u00e9-collecte dans un rayon allant jusqu\u2019\u00e0 200 km et assure une livraison fiable. En regroupant et en optimisant les livraisons, nous pouvons r\u00e9duire les d\u00e9lais de transit et les co\u00fbts, tout en garantissant une qualit\u00e9 de service \u00e9lev\u00e9e \u2013 pour une logistique du dernier kilom\u00e8tre efficace, de l\u2019entrep\u00f4t au client. <\/p>\t\t\t\t\t\t\t\t<\/div>\n\t\t\t\t<\/div>\n\t\t\t\t<div class=\"elementor-element elementor-element-20e42f2 elementor-widget elementor-widget-heading\" data-id=\"20e42f2\" data-element_type=\"widget\" data-e-type=\"widget\" data-widget_type=\"heading.default\">\n\t\t\t\t<div class=\"elementor-widget-container\">\n\t\t\t\t\t<h2 class=\"elementor-heading-title elementor-size-default\">Dernier kilom\u00e8tre<\/h2>\t\t\t\t<\/div>\n\t\t\t\t<\/div>\n\t\t\t\t<div class=\"elementor-element elementor-element-50f8695 elementor-widget elementor-widget-text-editor\" data-id=\"50f8695\" data-element_type=\"widget\" data-e-type=\"widget\" data-widget_type=\"text-editor.default\">\n\t\t\t\t<div class=\"elementor-widget-container\">\n\t\t\t\t\t\t\t\t\t<p>Notre livraison du dernier kilom\u00e8tre s\u2019effectue via notre r\u00e9seau de messagerie <span style=\"text-decoration: underline;\"><span style=\"color: #ffffff;\"><strong><a style=\"color: #ffffff; text-decoration: underline;\" href=\"https:\/\/siegmann.com\/astre\/\">ASTRE<\/a><\/strong><\/span><\/span>, auquel nous participons activement. Gr\u00e2ce \u00e0 un \u00e9change constant avec nos partenaires, nous assurons des itin\u00e9raires optimis\u00e9s, des envois regroup\u00e9s et des livraisons fiables. <\/p><p>Nous utilisons syst\u00e9matiquement le biodiesel <span style=\"color: #ffffff;\"><a style=\"color: #ffffff;\" href=\"https:\/\/siegmann.com\/#hv100\"><strong><u>HV100<\/u><\/strong><\/a><\/span>, ce qui nous permet de r\u00e9duire consid\u00e9rablement les \u00e9missions et de rendre nos transports durables. Nous combinons ainsi efficacit\u00e9, fiabilit\u00e9 et conscience environnementale \u2013 pour une logistique moderne et responsable de l\u2019entrep\u00f4t au client. Lors du transport de seulement 5 palettes de <strong>Paris<\/strong> \u00e0 Lyon (466 km), nous \u00e9conomisons environ 207 kg de CO\u2082 gr\u00e2ce \u00e0 l\u2019utilisation du biodiesel <strong>HV100<\/strong>, par rapport au diesel conventionnel. En regroupant les envois, en optimisant les itin\u00e9raires et en utilisant des carburants durables, nous rendons notre logistique du dernier kilom\u00e8tre efficace et respectueuse de l\u2019environnement \u2013 pour nos clients et pour la plan\u00e8te.   <\/p>\t\t\t\t\t\t\t\t<\/div>\n\t\t\t\t<\/div>\n\t\t\t\t<div class=\"elementor-element elementor-element-20eef0f5 elementor-widget elementor-widget-button\" data-id=\"20eef0f5\" data-element_type=\"widget\" data-e-type=\"widget\" data-widget_type=\"button.default\">\n\t\t\t\t<div class=\"elementor-widget-container\">\n\t\t\t\t\t\t\t\t\t<div class=\"elementor-button-wrapper\">\n\t\t\t\t\t<a class=\"elementor-button elementor-button-link elementor-size-sm\" href=\"https:\/\/siegmann.com\/fr\/prestations\/\">\n\t\t\t\t\t\t<span class=\"elementor-button-content-wrapper\">\n\t\t\t\t\t\t\t\t\t<span class=\"elementor-button-text\">En savoir plus sur nos services<\/span>\n\t\t\t\t\t<\/span>\n\t\t\t\t\t<\/a>\n\t\t\t\t<\/div>\n\t\t\t\t\t\t\t\t<\/div>\n\t\t\t\t<\/div>\n\t\t\t\t\t<\/div>\n\t\t\t\t<\/div>\n\t\t\t\t<\/div>\n\t\t","protected":false},"excerpt":{"rendered":"<p>Transport local &amp; Dernier kilom\u00e8tre Transport local \u00c0 Hambourg et D\u00fcsseldorf, les marchandises destin\u00e9es aux livraisons vers la France et l\u2019Italie sont regroup\u00e9es en entrep\u00f4t, tandis qu\u2019\u00e0 Paris, les envois pour l\u2019Allemagne sont consolid\u00e9s. Les marchandises sont tri\u00e9es par zones de code postal et, si possible, les envois de diff\u00e9rents clients ayant des destinataires identiques [&hellip;]<\/p>\n","protected":false},"author":1,"featured_media":0,"parent":0,"menu_order":0,"comment_status":"closed","ping_status":"closed","template":"","meta":{"_acf_changed":false,"footnotes":""},"class_list":["post-4522","page","type-page","status-publish","hentry"],"acf":[],"yoast_head":"<!-- This site is optimized with the Yoast SEO plugin v27.5 - https:\/\/yoast.com\/product\/yoast-seo-wordpress\/ -->\n<title>Transport local &amp; Dernier kilom\u00e8tre - Siegmann<\/title>\n<meta name=\"robots\" content=\"index, follow, max-snippet:-1, max-image-preview:large, max-video-preview:-1\" \/>\n<link rel=\"canonical\" href=\"https:\/\/siegmann.com\/fr\/transport-local-dernier-kilometre\/\" \/>\n<meta property=\"og:locale\" content=\"fr_FR\" \/>\n<meta property=\"og:type\" content=\"article\" \/>\n<meta property=\"og:title\" content=\"Transport local &amp; Dernier kilom\u00e8tre - Siegmann\" \/>\n<meta property=\"og:description\" content=\"Transport local &amp; Dernier kilom\u00e8tre Transport local \u00c0 Hambourg et D\u00fcsseldorf, les marchandises destin\u00e9es aux livraisons vers la France et l\u2019Italie sont regroup\u00e9es en entrep\u00f4t, tandis qu\u2019\u00e0 Paris, les envois pour l\u2019Allemagne sont consolid\u00e9s. Les marchandises sont tri\u00e9es par zones de code postal et, si possible, les envois de diff\u00e9rents clients ayant des destinataires identiques [&hellip;]\" \/>\n<meta property=\"og:url\" content=\"https:\/\/siegmann.com\/fr\/transport-local-dernier-kilometre\/\" \/>\n<meta property=\"og:site_name\" content=\"Siegmann\" \/>\n<meta property=\"article:modified_time\" content=\"2026-04-30T12:53:25+00:00\" \/>\n<meta name=\"twitter:card\" content=\"summary_large_image\" \/>\n<meta name=\"twitter:label1\" content=\"Dur\u00e9e de lecture estim\u00e9e\" \/>\n\t<meta name=\"twitter:data1\" content=\"2 minutes\" \/>\n<script type=\"application\/ld+json\" class=\"yoast-schema-graph\">{\"@context\":\"https:\\\/\\\/schema.org\",\"@graph\":[{\"@type\":\"WebPage\",\"@id\":\"https:\\\/\\\/siegmann.com\\\/fr\\\/transport-local-dernier-kilometre\\\/\",\"url\":\"https:\\\/\\\/siegmann.com\\\/fr\\\/transport-local-dernier-kilometre\\\/\",\"name\":\"Transport local &amp; Dernier kilom\u00e8tre - Siegmann\",\"isPartOf\":{\"@id\":\"https:\\\/\\\/siegmann.com\\\/fr\\\/#website\"},\"datePublished\":\"2025-12-24T10:09:39+00:00\",\"dateModified\":\"2026-04-30T12:53:25+00:00\",\"breadcrumb\":{\"@id\":\"https:\\\/\\\/siegmann.com\\\/fr\\\/transport-local-dernier-kilometre\\\/#breadcrumb\"},\"inLanguage\":\"fr-FR\",\"potentialAction\":[{\"@type\":\"ReadAction\",\"target\":[\"https:\\\/\\\/siegmann.com\\\/fr\\\/transport-local-dernier-kilometre\\\/\"]}]},{\"@type\":\"BreadcrumbList\",\"@id\":\"https:\\\/\\\/siegmann.com\\\/fr\\\/transport-local-dernier-kilometre\\\/#breadcrumb\",\"itemListElement\":[{\"@type\":\"ListItem\",\"position\":1,\"name\":\"Home\",\"item\":\"https:\\\/\\\/siegmann.com\\\/fr\\\/\"},{\"@type\":\"ListItem\",\"position\":2,\"name\":\"Transport local &amp; Dernier kilom\u00e8tre\"}]},{\"@type\":\"WebSite\",\"@id\":\"https:\\\/\\\/siegmann.com\\\/fr\\\/#website\",\"url\":\"https:\\\/\\\/siegmann.com\\\/fr\\\/\",\"name\":\"Siegmann\",\"description\":\"Siegmann Deutschland GmbH\",\"publisher\":{\"@id\":\"https:\\\/\\\/siegmann.com\\\/fr\\\/#organization\"},\"potentialAction\":[{\"@type\":\"SearchAction\",\"target\":{\"@type\":\"EntryPoint\",\"urlTemplate\":\"https:\\\/\\\/siegmann.com\\\/fr\\\/?s={search_term_string}\"},\"query-input\":{\"@type\":\"PropertyValueSpecification\",\"valueRequired\":true,\"valueName\":\"search_term_string\"}}],\"inLanguage\":\"fr-FR\"},{\"@type\":\"Organization\",\"@id\":\"https:\\\/\\\/siegmann.com\\\/fr\\\/#organization\",\"name\":\"Siegmann\",\"url\":\"https:\\\/\\\/siegmann.com\\\/fr\\\/\",\"logo\":{\"@type\":\"ImageObject\",\"inLanguage\":\"fr-FR\",\"@id\":\"https:\\\/\\\/siegmann.com\\\/fr\\\/#\\\/schema\\\/logo\\\/image\\\/\",\"url\":\"https:\\\/\\\/siegmann.com\\\/wp-content\\\/uploads\\\/2025\\\/01\\\/favicon.png\",\"contentUrl\":\"https:\\\/\\\/siegmann.com\\\/wp-content\\\/uploads\\\/2025\\\/01\\\/favicon.png\",\"width\":512,\"height\":512,\"caption\":\"Siegmann\"},\"image\":{\"@id\":\"https:\\\/\\\/siegmann.com\\\/fr\\\/#\\\/schema\\\/logo\\\/image\\\/\"},\"sameAs\":[\"https:\\\/\\\/www.linkedin.com\\\/company\\\/siegmann-sarl\\\/?viewAsMember=true\"]}]}<\/script>\n<!-- \/ Yoast SEO plugin. -->","yoast_head_json":{"title":"Transport local &amp; Dernier kilom\u00e8tre - Siegmann","robots":{"index":"index","follow":"follow","max-snippet":"max-snippet:-1","max-image-preview":"max-image-preview:large","max-video-preview":"max-video-preview:-1"},"canonical":"https:\/\/siegmann.com\/fr\/transport-local-dernier-kilometre\/","og_locale":"fr_FR","og_type":"article","og_title":"Transport local &amp; Dernier kilom\u00e8tre - Siegmann","og_description":"Transport local &amp; Dernier kilom\u00e8tre Transport local \u00c0 Hambourg et D\u00fcsseldorf, les marchandises destin\u00e9es aux livraisons vers la France et l\u2019Italie sont regroup\u00e9es en entrep\u00f4t, tandis qu\u2019\u00e0 Paris, les envois pour l\u2019Allemagne sont consolid\u00e9s. Les marchandises sont tri\u00e9es par zones de code postal et, si possible, les envois de diff\u00e9rents clients ayant des destinataires identiques [&hellip;]","og_url":"https:\/\/siegmann.com\/fr\/transport-local-dernier-kilometre\/","og_site_name":"Siegmann","article_modified_time":"2026-04-30T12:53:25+00:00","twitter_card":"summary_large_image","twitter_misc":{"Dur\u00e9e de lecture estim\u00e9e":"2 minutes"},"schema":{"@context":"https:\/\/schema.org","@graph":[{"@type":"WebPage","@id":"https:\/\/siegmann.com\/fr\/transport-local-dernier-kilometre\/","url":"https:\/\/siegmann.com\/fr\/transport-local-dernier-kilometre\/","name":"Transport local &amp; Dernier kilom\u00e8tre - Siegmann","isPartOf":{"@id":"https:\/\/siegmann.com\/fr\/#website"},"datePublished":"2025-12-24T10:09:39+00:00","dateModified":"2026-04-30T12:53:25+00:00","breadcrumb":{"@id":"https:\/\/siegmann.com\/fr\/transport-local-dernier-kilometre\/#breadcrumb"},"inLanguage":"fr-FR","potentialAction":[{"@type":"ReadAction","target":["https:\/\/siegmann.com\/fr\/transport-local-dernier-kilometre\/"]}]},{"@type":"BreadcrumbList","@id":"https:\/\/siegmann.com\/fr\/transport-local-dernier-kilometre\/#breadcrumb","itemListElement":[{"@type":"ListItem","position":1,"name":"Home","item":"https:\/\/siegmann.com\/fr\/"},{"@type":"ListItem","position":2,"name":"Transport local &amp; Dernier kilom\u00e8tre"}]},{"@type":"WebSite","@id":"https:\/\/siegmann.com\/fr\/#website","url":"https:\/\/siegmann.com\/fr\/","name":"Siegmann","description":"Siegmann Deutschland GmbH","publisher":{"@id":"https:\/\/siegmann.com\/fr\/#organization"},"potentialAction":[{"@type":"SearchAction","target":{"@type":"EntryPoint","urlTemplate":"https:\/\/siegmann.com\/fr\/?s={search_term_string}"},"query-input":{"@type":"PropertyValueSpecification","valueRequired":true,"valueName":"search_term_string"}}],"inLanguage":"fr-FR"},{"@type":"Organization","@id":"https:\/\/siegmann.com\/fr\/#organization","name":"Siegmann","url":"https:\/\/siegmann.com\/fr\/","logo":{"@type":"ImageObject","inLanguage":"fr-FR","@id":"https:\/\/siegmann.com\/fr\/#\/schema\/logo\/image\/","url":"https:\/\/siegmann.com\/wp-content\/uploads\/2025\/01\/favicon.png","contentUrl":"https:\/\/siegmann.com\/wp-content\/uploads\/2025\/01\/favicon.png","width":512,"height":512,"caption":"Siegmann"},"image":{"@id":"https:\/\/siegmann.com\/fr\/#\/schema\/logo\/image\/"},"sameAs":["https:\/\/www.linkedin.com\/company\/siegmann-sarl\/?viewAsMember=true"]}]}},"_links":{"self":[{"href":"https:\/\/siegmann.com\/fr\/wp-json\/wp\/v2\/pages\/4522","targetHints":{"allow":["GET"]}}],"collection":[{"href":"https:\/\/siegmann.com\/fr\/wp-json\/wp\/v2\/pages"}],"about":[{"href":"https:\/\/siegmann.com\/fr\/wp-json\/wp\/v2\/types\/page"}],"author":[{"embeddable":true,"href":"https:\/\/siegmann.com\/fr\/wp-json\/wp\/v2\/users\/1"}],"replies":[{"embeddable":true,"href":"https:\/\/siegmann.com\/fr\/wp-json\/wp\/v2\/comments?post=4522"}],"version-history":[{"count":2,"href":"https:\/\/siegmann.com\/fr\/wp-json\/wp\/v2\/pages\/4522\/revisions"}],"predecessor-version":[{"id":4910,"href":"https:\/\/siegmann.com\/fr\/wp-json\/wp\/v2\/pages\/4522\/revisions\/4910"}],"wp:attachment":[{"href":"https:\/\/siegmann.com\/fr\/wp-json\/wp\/v2\/media?parent=4522"}],"curies":[{"name":"wp","href":"https:\/\/api.w.org\/{rel}","templated":true}]}}