{"id":4638,"date":"2025-04-02T21:35:42","date_gmt":"2025-04-02T19:35:42","guid":{"rendered":"https:\/\/siegmann.com\/mentions-legales\/"},"modified":"2026-04-30T16:59:39","modified_gmt":"2026-04-30T14:59:39","slug":"mentions-legales","status":"publish","type":"page","link":"https:\/\/siegmann.com\/fr\/mentions-legales\/","title":{"rendered":"Mentions l\u00e9gales"},"content":{"rendered":"\t\t<div data-elementor-type=\"wp-page\" data-elementor-id=\"4638\" class=\"elementor elementor-4638 elementor-715\" data-elementor-post-type=\"page\">\n\t\t\t\t<div class=\"elementor-element elementor-element-b2ac580 e-flex e-con-boxed e-con e-parent\" data-id=\"b2ac580\" data-element_type=\"container\" data-e-type=\"container\">\n\t\t\t\t\t<div class=\"e-con-inner\">\n\t\t\t\t<div class=\"elementor-element elementor-element-2a061da elementor-widget elementor-widget-heading\" data-id=\"2a061da\" data-element_type=\"widget\" data-e-type=\"widget\" data-widget_type=\"heading.default\">\n\t\t\t\t<div class=\"elementor-widget-container\">\n\t\t\t\t\t<h2 class=\"elementor-heading-title elementor-size-default\">Mentions l\u00e9gales<\/h2>\t\t\t\t<\/div>\n\t\t\t\t<\/div>\n\t\t\t\t<div class=\"elementor-element elementor-element-f5ac301 elementor-widget__width-initial elementor-widget-divider--view-line elementor-widget elementor-widget-divider\" data-id=\"f5ac301\" data-element_type=\"widget\" data-e-type=\"widget\" data-widget_type=\"divider.default\">\n\t\t\t\t<div class=\"elementor-widget-container\">\n\t\t\t\t\t\t\t<div class=\"elementor-divider\">\n\t\t\t<span class=\"elementor-divider-separator\">\n\t\t\t\t\t\t<\/span>\n\t\t<\/div>\n\t\t\t\t\t\t<\/div>\n\t\t\t\t<\/div>\n\t\t\t\t<div class=\"elementor-element elementor-element-7565767 elementor-widget elementor-widget-text-editor\" data-id=\"7565767\" data-element_type=\"widget\" data-e-type=\"widget\" data-widget_type=\"text-editor.default\">\n\t\t\t\t<div class=\"elementor-widget-container\">\n\t\t\t\t\t\t\t\t\t<p>Siegmann (Deutschland) GmbH<br>S\u00fcderstra\u00dfe 251<br>20537 Hamburg<\/p><p>T\u00e9l\u00e9phone : +49 (0)40\/25 15 35-0<br>T\u00e9l\u00e9copie : +49 (0)40\/25 15 35-75<br>E-mail : info@siegmann.com<\/p><p>Direction : Diane Siegmann<\/p><p>N\u00b0 TVA : DE118710879<\/p><p>Tribunal d&rsquo;instance de Hambourg, HRB : 17435<\/p><p>Responsable du contenu conform\u00e9ment au \u00a7 55 Abs. 2 RStV : Diane Siegmann <\/p><p>Mentions juridiques<\/p><p>1. Limitation de responsabilit\u00e9<br>Le contenu de ce site web est cr\u00e9\u00e9 avec le plus grand soin. Siegmann (Deutschland) GmbH n&rsquo;assume aucune responsabilit\u00e9 quant \u00e0 l&rsquo;actualit\u00e9, l&rsquo;exactitude du contenu ou l&rsquo;exhaustivit\u00e9 des informations publi\u00e9es sur son site web, sauf si les erreurs ont \u00e9t\u00e9 introduites intentionnellement ou par n\u00e9gligence grave. Cela concerne les \u00e9ventuels dommages mat\u00e9riels ou immat\u00e9riels subis par des tiers du fait de l&rsquo;utilisation de ce site web. Les contributions sign\u00e9es refl\u00e8tent l&rsquo;opinion de l&rsquo;auteur respectif et non n\u00e9cessairement celle du fournisseur. La simple utilisation du site web du fournisseur n&rsquo;\u00e9tablit aucune relation contractuelle entre l&rsquo;utilisateur et le fournisseur.    <\/p><p>2. Liens externes<br>Ce site web contient des liens vers des sites web de tiers (\u00ab liens externes \u00bb). Ces sites web rel\u00e8vent de la responsabilit\u00e9 de leurs exploitants respectifs. Lors de la cr\u00e9ation initiale des liens externes, le fournisseur a v\u00e9rifi\u00e9 les contenus tiers afin de d\u00e9tecter d&rsquo;\u00e9ventuelles violations du droit. \u00c0 ce moment-l\u00e0, aucune violation du droit n&rsquo;\u00e9tait apparente. Le fournisseur n&rsquo;a aucune influence sur la conception actuelle et future ni sur le contenu des pages li\u00e9es. L&rsquo;insertion de liens externes ne signifie pas que le fournisseur s&rsquo;approprie le contenu se trouvant derri\u00e8re le renvoi ou le lien.     <\/p><p>3. Droits d&rsquo;auteur et droits voisins<br>Le contenu publi\u00e9 sur ce site web est soumis au droit d&rsquo;auteur et aux droits voisins allemands. Toute exploitation non autoris\u00e9e par le droit d&rsquo;auteur et les droits voisins allemands n\u00e9cessite l&rsquo;accord \u00e9crit pr\u00e9alable du fournisseur ou du titulaire des droits concern\u00e9. Cela s&rsquo;applique notamment \u00e0 la reproduction, au traitement, \u00e0 la traduction, \u00e0 la m\u00e9morisation, au traitement ou \u00e0 la reproduction de contenus dans des bases de donn\u00e9es ou d&rsquo;autres supports et syst\u00e8mes \u00e9lectroniques. Les contenus et droits de tiers sont identifi\u00e9s comme tels. La reproduction ou la diffusion non autoris\u00e9e de contenus individuels ou de pages compl\u00e8tes est interdite et punissable. La pr\u00e9sentation de ce site web dans des cadres (frames) tiers n&rsquo;est autoris\u00e9e qu&rsquo;avec une permission \u00e9crite.     <\/p><p>4. Protection des donn\u00e9es<\/p><p>Les exploitants de ces pages prennent tr\u00e8s au s\u00e9rieux la protection de vos donn\u00e9es personnelles. Nous traitons vos donn\u00e9es \u00e0 caract\u00e8re personnel de mani\u00e8re confidentielle et conform\u00e9ment aux dispositions l\u00e9gales en mati\u00e8re de protection des donn\u00e9es ainsi qu&rsquo;\u00e0 la pr\u00e9sente d\u00e9claration de confidentialit\u00e9. <\/p><p>L&rsquo;utilisation de notre site web est g\u00e9n\u00e9ralement possible sans indication de donn\u00e9es \u00e0 caract\u00e8re personnel. Dans la mesure o\u00f9 des donn\u00e9es \u00e0 caract\u00e8re personnel (par exemple nom, adresse ou adresses e-mail) sont collect\u00e9es sur nos pages, cela se fait, dans la mesure du possible, toujours sur une base volontaire. Ces donn\u00e9es ne seront pas transmises \u00e0 des tiers sans votre consentement explicite.  <\/p><p>Nous attirons votre attention sur le fait que la transmission de donn\u00e9es sur Internet (par exemple lors de communications par e-mail) peut pr\u00e9senter des failles de s\u00e9curit\u00e9. Une protection compl\u00e8te des donn\u00e9es contre l&rsquo;acc\u00e8s par des tiers n&rsquo;est pas possible. <\/p><p>Cookies<\/p><p>Les pages Internet utilisent en partie ce que l&rsquo;on appelle des cookies. Les cookies n&rsquo;endommagent pas votre ordinateur et ne contiennent pas de virus. Les cookies servent \u00e0 rendre notre offre plus conviviale, plus efficace et plus s\u00fbre. Les cookies sont de petits fichiers texte qui sont d\u00e9pos\u00e9s sur votre ordinateur et que votre navigateur enregistre.   <\/p><p>La plupart des cookies que nous utilisons sont des \u00ab cookies de session \u00bb. Ils sont automatiquement supprim\u00e9s \u00e0 la fin de votre visite. D&rsquo;autres cookies restent enregistr\u00e9s sur votre terminal jusqu&rsquo;\u00e0 ce que vous les supprimiez. Ces cookies nous permettent de reconna\u00eetre votre navigateur lors de votre prochaine visite.   <\/p><p>Vous pouvez configurer votre navigateur de mani\u00e8re \u00e0 \u00eatre inform\u00e9 de l&rsquo;installation de cookies et \u00e0 n&rsquo;autoriser les cookies qu&rsquo;au cas par cas, \u00e0 exclure l&rsquo;acceptation de cookies dans certains cas ou de mani\u00e8re g\u00e9n\u00e9rale, et \u00e0 activer la suppression automatique des cookies \u00e0 la fermeture du navigateur. La d\u00e9sactivation des cookies peut limiter les fonctionnalit\u00e9s de ce site web. <\/p><p>Fichiers journaux du serveur<\/p><p>Le fournisseur des pages collecte et enregistre automatiquement des informations dans ce que l&rsquo;on appelle des fichiers journaux du serveur, que votre navigateur nous transmet automatiquement. Il s&rsquo;agit de : <\/p><p>Type et version du navigateur<br>Syst\u00e8me d&rsquo;exploitation utilis\u00e9<br>URL de r\u00e9f\u00e9rence<br>Nom d&rsquo;h\u00f4te de l&rsquo;ordinateur acc\u00e9dant<br>Heure de la requ\u00eate du serveur<\/p><p>Ces donn\u00e9es ne peuvent pas \u00eatre attribu\u00e9es \u00e0 des personnes sp\u00e9cifiques. Ces donn\u00e9es ne sont pas fusionn\u00e9es avec d&rsquo;autres sources de donn\u00e9es. Nous nous r\u00e9servons le droit de v\u00e9rifier ces donn\u00e9es a posteriori si nous avons connaissance d&rsquo;indices concrets d&rsquo;une utilisation ill\u00e9gale.  <\/p><p>Formulaire de contact<\/p><p>Si vous nous envoyez des demandes via le formulaire de contact, vos donn\u00e9es du formulaire de demande, y compris les coordonn\u00e9es que vous y avez indiqu\u00e9es, seront enregistr\u00e9es chez nous aux fins de traitement de la demande et en cas de questions compl\u00e9mentaires. Nous ne transmettons pas ces donn\u00e9es sans votre consentement. <\/p><p>Droit d&rsquo;acc\u00e8s, suppression, blocage<\/p><p>Vous avez \u00e0 tout moment le droit d&rsquo;obtenir gratuitement des informations sur vos donn\u00e9es \u00e0 caract\u00e8re personnel enregistr\u00e9es, leur origine et leurs destinataires ainsi que sur la finalit\u00e9 du traitement des donn\u00e9es, ainsi qu&rsquo;un droit de rectification, de blocage ou de suppression de ces donn\u00e9es. \u00c0 ce sujet, ainsi que pour toute autre question concernant les donn\u00e9es \u00e0 caract\u00e8re personnel, vous pouvez nous contacter \u00e0 tout moment \u00e0 l&rsquo;adresse indiqu\u00e9e dans les mentions l\u00e9gales. <\/p><p>Source : eRecht24<\/p><p>5. Droit d&rsquo;acc\u00e8s ; suppression des donn\u00e9es ; interlocuteur<br>Conform\u00e9ment \u00e0 la loi f\u00e9d\u00e9rale sur la protection des donn\u00e9es, vous avez le droit d&rsquo;obtenir gratuitement des informations sur les donn\u00e9es enregistr\u00e9es vous concernant ainsi que, le cas \u00e9ch\u00e9ant, un droit de rectification, de blocage ou de suppression de ces donn\u00e9es. Le droit \u00e0 la suppression des donn\u00e9es est \u00e9ventuellement limit\u00e9 par les obligations l\u00e9gales de conservation des donn\u00e9es. Pour toute question \u00e0 ce sujet, veuillez vous adresser par \u00e9crit (c&rsquo;est-\u00e0-dire par t\u00e9l\u00e9copie, courrier ou e-mail) \u00e0 : Diane Siegmann, Siegmann (Deutschland) GmbH, S\u00fcderstra\u00dfe 251, 20537 Hamburg, T\u00e9l\u00e9copie 040 \u2013 25153575 ou e-mail : ds@siegmann.com.<\/p><p>6. Cookies<br>Lorsque vous consultez nos pages web, un ou plusieurs cookies sont enregistr\u00e9s sur votre ordinateur. Un cookie est un petit fichier contenant une cha\u00eene de caract\u00e8res sp\u00e9cifique qui identifie votre navigateur de mani\u00e8re unique. \u00c0 l&rsquo;aide de cookies, nous am\u00e9liorons le confort et la qualit\u00e9 de nos services, par exemple en enregistrant les param\u00e8tres de l&rsquo;utilisateur. Les cookies n&rsquo;endommagent pas votre ordinateur et ne contiennent pas de virus.   <\/p><p>Une utilisation de notre offre est \u00e9galement possible sans cookies. Vous pouvez d\u00e9sactiver l&rsquo;enregistrement de cookies dans votre navigateur, le limiter \u00e0 certains sites web ou configurer votre navigateur de mani\u00e8re \u00e0 ce qu&rsquo;il vous avertisse avant l&rsquo;enregistrement d&rsquo;un cookie. Vous pouvez supprimer les cookies du disque dur de votre ordinateur \u00e0 tout moment via les fonctions de confidentialit\u00e9 de votre navigateur. Dans ce cas, les fonctionnalit\u00e9s et la convivialit\u00e9 de notre offre pourraient \u00eatre limit\u00e9es.   <\/p><p>7. Google Analytics<br>Ce site web utilise Google Analytics, un service d&rsquo;analyse web de Google Inc. (\u00ab Google \u00bb). Google Analytics utilise ce que l&rsquo;on appelle des \u00ab cookies \u00bb, des fichiers texte enregistr\u00e9s sur votre ordinateur et permettant une analyse de votre utilisation du site web. Les informations g\u00e9n\u00e9r\u00e9es par le cookie concernant votre utilisation de ce site web sont g\u00e9n\u00e9ralement transmises \u00e0 un serveur de Google aux \u00c9tats-Unis et y sont enregistr\u00e9es. En cas d&rsquo;activation de l&rsquo;anonymisation de l&rsquo;adresse IP sur ce site web, votre adresse IP sera toutefois pr\u00e9alablement tronqu\u00e9e par Google au sein des \u00c9tats membres de l&rsquo;Union europ\u00e9enne ou dans d&rsquo;autres \u00c9tats parties \u00e0 l&rsquo;accord sur l&rsquo;Espace \u00e9conomique europ\u00e9en. Ce n&rsquo;est que dans des cas exceptionnels que l&rsquo;adresse IP compl\u00e8te sera transmise \u00e0 un serveur de Google aux \u00c9tats-Unis et y sera tronqu\u00e9e. Pour le compte de l&rsquo;exploitant de ce site web, Google utilisera ces informations pour \u00e9valuer votre utilisation du site web, pour compiler des rapports sur les activit\u00e9s du site web et pour fournir d&rsquo;autres services li\u00e9s \u00e0 l&rsquo;utilisation du site web et \u00e0 l&rsquo;utilisation d&rsquo;Internet \u00e0 l&rsquo;exploitant du site web. L&rsquo;adresse IP transmise par votre navigateur dans le cadre de Google Analytics ne sera pas fusionn\u00e9e avec d&rsquo;autres donn\u00e9es de Google. Vous pouvez emp\u00eacher l&rsquo;enregistrement des cookies par un param\u00e9trage appropri\u00e9 de votre logiciel de navigation ; nous vous signalons toutefois que dans ce cas, vous ne pourrez \u00e9ventuellement pas utiliser toutes les fonctionnalit\u00e9s de ce site web dans leur int\u00e9gralit\u00e9. Vous pouvez en outre emp\u00eacher la collecte des donn\u00e9es g\u00e9n\u00e9r\u00e9es par le cookie et relatives \u00e0 votre utilisation du site web (y compris votre adresse IP) par Google ainsi que le traitement de ces donn\u00e9es par Google en t\u00e9l\u00e9chargeant et en installant le plug-in de navigateur disponible sous le lien suivant (t\u00e9l\u00e9chargement du plug-in de navigateur).         <\/p><p>Vous pouvez emp\u00eacher la collecte par Google Analytics en cliquant sur le lien suivant. Un cookie d&rsquo;opposition sera install\u00e9, qui emp\u00eachera la collecte future de vos donn\u00e9es lors de la visite de ce site web :<br>D\u00e9sactiver Google Analytics <\/p><p>Vous trouverez de plus amples informations sur les conditions d&rsquo;utilisation et la protection des donn\u00e9es sur http:\/\/www.google.com\/analytics\/terms\/fr.html ou sur https:\/\/www.google.fr\/intl\/fr\/policies\/. Nous vous signalons que sur ce site web, Google Analytics a \u00e9t\u00e9 compl\u00e9t\u00e9 par le code \u00ab anonymizeIp \u00bb afin de garantir une collecte anonymis\u00e9e des adresses IP (IP-Masking).<\/p><p>8. Conditions d&rsquo;utilisation particuli\u00e8res<br>Dans la mesure o\u00f9 des conditions particuli\u00e8res pour certaines utilisations de ce site web diff\u00e8rent des mentions et r\u00e8gles susmentionn\u00e9es, cela sera express\u00e9ment indiqu\u00e9 \u00e0 l&rsquo;endroit correspondant. Dans ce cas, les conditions d&rsquo;utilisation particuli\u00e8res s&rsquo;appliquent au cas d&rsquo;esp\u00e8ce. <\/p><p>9. Validit\u00e9 juridique<br>Si certaines formulations ou parties de ce texte ne correspondent plus ou plus compl\u00e8tement \u00e0 la situation juridique en vigueur, ou sont m\u00eame nulles, les autres parties de cette d\u00e9claration n&rsquo;en sont pas affect\u00e9es.<\/p>\t\t\t\t\t\t\t\t<\/div>\n\t\t\t\t<\/div>\n\t\t\t\t\t<\/div>\n\t\t\t\t<\/div>\n\t\t\t\t<\/div>\n\t\t","protected":false},"excerpt":{"rendered":"<p>Mentions l\u00e9gales Siegmann (Deutschland) GmbHS\u00fcderstra\u00dfe 25120537 Hamburg T\u00e9l\u00e9phone : +49 (0)40\/25 15 35-0T\u00e9l\u00e9copie : +49 (0)40\/25 15 35-75E-mail : info@siegmann.com Direction : Diane Siegmann N\u00b0 TVA : DE118710879 Tribunal d&rsquo;instance de Hambourg, HRB : 17435 Responsable du contenu conform\u00e9ment au \u00a7 55 Abs. 2 RStV : Diane Siegmann Mentions juridiques 1. Limitation de responsabilit\u00e9Le contenu [&hellip;]<\/p>\n","protected":false},"author":1,"featured_media":0,"parent":0,"menu_order":0,"comment_status":"closed","ping_status":"closed","template":"","meta":{"_acf_changed":false,"footnotes":""},"class_list":["post-4638","page","type-page","status-publish","hentry"],"acf":[],"yoast_head":"<!-- This site is optimized with the Yoast SEO plugin v27.5 - https:\/\/yoast.com\/product\/yoast-seo-wordpress\/ -->\n<title>Mentions l\u00e9gales - Siegmann<\/title>\n<meta name=\"robots\" content=\"index, follow, max-snippet:-1, max-image-preview:large, max-video-preview:-1\" \/>\n<link rel=\"canonical\" href=\"https:\/\/siegmann.com\/fr\/mentions-legales\/\" \/>\n<meta property=\"og:locale\" content=\"fr_FR\" \/>\n<meta property=\"og:type\" content=\"article\" \/>\n<meta property=\"og:title\" content=\"Mentions l\u00e9gales - Siegmann\" \/>\n<meta property=\"og:description\" content=\"Mentions l\u00e9gales Siegmann (Deutschland) GmbHS\u00fcderstra\u00dfe 25120537 Hamburg T\u00e9l\u00e9phone : +49 (0)40\/25 15 35-0T\u00e9l\u00e9copie : +49 (0)40\/25 15 35-75E-mail : info@siegmann.com Direction : Diane Siegmann N\u00b0 TVA : DE118710879 Tribunal d&rsquo;instance de Hambourg, HRB : 17435 Responsable du contenu conform\u00e9ment au \u00a7 55 Abs. 2 RStV : Diane Siegmann Mentions juridiques 1. Limitation de responsabilit\u00e9Le contenu [&hellip;]\" \/>\n<meta property=\"og:url\" content=\"https:\/\/siegmann.com\/fr\/mentions-legales\/\" \/>\n<meta property=\"og:site_name\" content=\"Siegmann\" \/>\n<meta property=\"article:modified_time\" content=\"2026-04-30T14:59:39+00:00\" \/>\n<meta name=\"twitter:card\" content=\"summary_large_image\" \/>\n<meta name=\"twitter:label1\" content=\"Dur\u00e9e de lecture estim\u00e9e\" \/>\n\t<meta name=\"twitter:data1\" content=\"9 minutes\" \/>\n<script type=\"application\/ld+json\" class=\"yoast-schema-graph\">{\"@context\":\"https:\\\/\\\/schema.org\",\"@graph\":[{\"@type\":\"WebPage\",\"@id\":\"https:\\\/\\\/siegmann.com\\\/fr\\\/mentions-legales\\\/\",\"url\":\"https:\\\/\\\/siegmann.com\\\/fr\\\/mentions-legales\\\/\",\"name\":\"Mentions l\u00e9gales - Siegmann\",\"isPartOf\":{\"@id\":\"https:\\\/\\\/siegmann.com\\\/fr\\\/#website\"},\"datePublished\":\"2025-04-02T19:35:42+00:00\",\"dateModified\":\"2026-04-30T14:59:39+00:00\",\"breadcrumb\":{\"@id\":\"https:\\\/\\\/siegmann.com\\\/fr\\\/mentions-legales\\\/#breadcrumb\"},\"inLanguage\":\"fr-FR\",\"potentialAction\":[{\"@type\":\"ReadAction\",\"target\":[\"https:\\\/\\\/siegmann.com\\\/fr\\\/mentions-legales\\\/\"]}]},{\"@type\":\"BreadcrumbList\",\"@id\":\"https:\\\/\\\/siegmann.com\\\/fr\\\/mentions-legales\\\/#breadcrumb\",\"itemListElement\":[{\"@type\":\"ListItem\",\"position\":1,\"name\":\"Home\",\"item\":\"https:\\\/\\\/siegmann.com\\\/fr\\\/\"},{\"@type\":\"ListItem\",\"position\":2,\"name\":\"Mentions l\u00e9gales\"}]},{\"@type\":\"WebSite\",\"@id\":\"https:\\\/\\\/siegmann.com\\\/fr\\\/#website\",\"url\":\"https:\\\/\\\/siegmann.com\\\/fr\\\/\",\"name\":\"Siegmann\",\"description\":\"Siegmann Deutschland GmbH\",\"publisher\":{\"@id\":\"https:\\\/\\\/siegmann.com\\\/fr\\\/#organization\"},\"potentialAction\":[{\"@type\":\"SearchAction\",\"target\":{\"@type\":\"EntryPoint\",\"urlTemplate\":\"https:\\\/\\\/siegmann.com\\\/fr\\\/?s={search_term_string}\"},\"query-input\":{\"@type\":\"PropertyValueSpecification\",\"valueRequired\":true,\"valueName\":\"search_term_string\"}}],\"inLanguage\":\"fr-FR\"},{\"@type\":\"Organization\",\"@id\":\"https:\\\/\\\/siegmann.com\\\/fr\\\/#organization\",\"name\":\"Siegmann\",\"url\":\"https:\\\/\\\/siegmann.com\\\/fr\\\/\",\"logo\":{\"@type\":\"ImageObject\",\"inLanguage\":\"fr-FR\",\"@id\":\"https:\\\/\\\/siegmann.com\\\/fr\\\/#\\\/schema\\\/logo\\\/image\\\/\",\"url\":\"https:\\\/\\\/siegmann.com\\\/wp-content\\\/uploads\\\/2025\\\/01\\\/favicon.png\",\"contentUrl\":\"https:\\\/\\\/siegmann.com\\\/wp-content\\\/uploads\\\/2025\\\/01\\\/favicon.png\",\"width\":512,\"height\":512,\"caption\":\"Siegmann\"},\"image\":{\"@id\":\"https:\\\/\\\/siegmann.com\\\/fr\\\/#\\\/schema\\\/logo\\\/image\\\/\"},\"sameAs\":[\"https:\\\/\\\/www.linkedin.com\\\/company\\\/siegmann-sarl\\\/?viewAsMember=true\"]}]}<\/script>\n<!-- \/ Yoast SEO plugin. -->","yoast_head_json":{"title":"Mentions l\u00e9gales - Siegmann","robots":{"index":"index","follow":"follow","max-snippet":"max-snippet:-1","max-image-preview":"max-image-preview:large","max-video-preview":"max-video-preview:-1"},"canonical":"https:\/\/siegmann.com\/fr\/mentions-legales\/","og_locale":"fr_FR","og_type":"article","og_title":"Mentions l\u00e9gales - Siegmann","og_description":"Mentions l\u00e9gales Siegmann (Deutschland) GmbHS\u00fcderstra\u00dfe 25120537 Hamburg T\u00e9l\u00e9phone : +49 (0)40\/25 15 35-0T\u00e9l\u00e9copie : +49 (0)40\/25 15 35-75E-mail : info@siegmann.com Direction : Diane Siegmann N\u00b0 TVA : DE118710879 Tribunal d&rsquo;instance de Hambourg, HRB : 17435 Responsable du contenu conform\u00e9ment au \u00a7 55 Abs. 2 RStV : Diane Siegmann Mentions juridiques 1. Limitation de responsabilit\u00e9Le contenu [&hellip;]","og_url":"https:\/\/siegmann.com\/fr\/mentions-legales\/","og_site_name":"Siegmann","article_modified_time":"2026-04-30T14:59:39+00:00","twitter_card":"summary_large_image","twitter_misc":{"Dur\u00e9e de lecture estim\u00e9e":"9 minutes"},"schema":{"@context":"https:\/\/schema.org","@graph":[{"@type":"WebPage","@id":"https:\/\/siegmann.com\/fr\/mentions-legales\/","url":"https:\/\/siegmann.com\/fr\/mentions-legales\/","name":"Mentions l\u00e9gales - Siegmann","isPartOf":{"@id":"https:\/\/siegmann.com\/fr\/#website"},"datePublished":"2025-04-02T19:35:42+00:00","dateModified":"2026-04-30T14:59:39+00:00","breadcrumb":{"@id":"https:\/\/siegmann.com\/fr\/mentions-legales\/#breadcrumb"},"inLanguage":"fr-FR","potentialAction":[{"@type":"ReadAction","target":["https:\/\/siegmann.com\/fr\/mentions-legales\/"]}]},{"@type":"BreadcrumbList","@id":"https:\/\/siegmann.com\/fr\/mentions-legales\/#breadcrumb","itemListElement":[{"@type":"ListItem","position":1,"name":"Home","item":"https:\/\/siegmann.com\/fr\/"},{"@type":"ListItem","position":2,"name":"Mentions l\u00e9gales"}]},{"@type":"WebSite","@id":"https:\/\/siegmann.com\/fr\/#website","url":"https:\/\/siegmann.com\/fr\/","name":"Siegmann","description":"Siegmann Deutschland GmbH","publisher":{"@id":"https:\/\/siegmann.com\/fr\/#organization"},"potentialAction":[{"@type":"SearchAction","target":{"@type":"EntryPoint","urlTemplate":"https:\/\/siegmann.com\/fr\/?s={search_term_string}"},"query-input":{"@type":"PropertyValueSpecification","valueRequired":true,"valueName":"search_term_string"}}],"inLanguage":"fr-FR"},{"@type":"Organization","@id":"https:\/\/siegmann.com\/fr\/#organization","name":"Siegmann","url":"https:\/\/siegmann.com\/fr\/","logo":{"@type":"ImageObject","inLanguage":"fr-FR","@id":"https:\/\/siegmann.com\/fr\/#\/schema\/logo\/image\/","url":"https:\/\/siegmann.com\/wp-content\/uploads\/2025\/01\/favicon.png","contentUrl":"https:\/\/siegmann.com\/wp-content\/uploads\/2025\/01\/favicon.png","width":512,"height":512,"caption":"Siegmann"},"image":{"@id":"https:\/\/siegmann.com\/fr\/#\/schema\/logo\/image\/"},"sameAs":["https:\/\/www.linkedin.com\/company\/siegmann-sarl\/?viewAsMember=true"]}]}},"_links":{"self":[{"href":"https:\/\/siegmann.com\/fr\/wp-json\/wp\/v2\/pages\/4638","targetHints":{"allow":["GET"]}}],"collection":[{"href":"https:\/\/siegmann.com\/fr\/wp-json\/wp\/v2\/pages"}],"about":[{"href":"https:\/\/siegmann.com\/fr\/wp-json\/wp\/v2\/types\/page"}],"author":[{"embeddable":true,"href":"https:\/\/siegmann.com\/fr\/wp-json\/wp\/v2\/users\/1"}],"replies":[{"embeddable":true,"href":"https:\/\/siegmann.com\/fr\/wp-json\/wp\/v2\/comments?post=4638"}],"version-history":[{"count":2,"href":"https:\/\/siegmann.com\/fr\/wp-json\/wp\/v2\/pages\/4638\/revisions"}],"predecessor-version":[{"id":4918,"href":"https:\/\/siegmann.com\/fr\/wp-json\/wp\/v2\/pages\/4638\/revisions\/4918"}],"wp:attachment":[{"href":"https:\/\/siegmann.com\/fr\/wp-json\/wp\/v2\/media?parent=4638"}],"curies":[{"name":"wp","href":"https:\/\/api.w.org\/{rel}","templated":true}]}}